{"id":132,"date":"2018-08-08T06:51:22","date_gmt":"2018-08-08T06:51:22","guid":{"rendered":"http:\/\/kleintierpraxis-neidlinger.de\/?page_id=132"},"modified":"2019-05-13T11:31:42","modified_gmt":"2019-05-13T11:31:42","slug":"ostheopathie","status":"publish","type":"page","link":"https:\/\/kleintierpraxis-neidlinger.de\/?page_id=132","title":{"rendered":"Osteopathie"},"content":{"rendered":"<p><img loading=\"lazy\" decoding=\"async\" class=\"alignnone wp-image-162 size-full\" src=\"http:\/\/kleintierpraxis-neidlinger.de\/wp-content\/uploads\/2018\/08\/0stheopathie.jpg\" alt=\"\" width=\"1400\" height=\"567\" srcset=\"https:\/\/kleintierpraxis-neidlinger.de\/wp-content\/uploads\/2018\/08\/0stheopathie.jpg 1400w, https:\/\/kleintierpraxis-neidlinger.de\/wp-content\/uploads\/2018\/08\/0stheopathie-300x122.jpg 300w, https:\/\/kleintierpraxis-neidlinger.de\/wp-content\/uploads\/2018\/08\/0stheopathie-768x311.jpg 768w, https:\/\/kleintierpraxis-neidlinger.de\/wp-content\/uploads\/2018\/08\/0stheopathie-1024x415.jpg 1024w\" sizes=\"(max-width: 1400px) 100vw, 1400px\" \/><\/p>\n<p>Die Osteopathie ist eine manuelle Heilkunde, das hei\u00dft der Osteopath untersucht und behandelt den Patienten ausschlie\u00dflich mit seinen H\u00e4nden.<\/p>\n<p>Ausgehend davon, dass der K\u00f6rper eine Funktionseinheit ist, unterst\u00fctzt und f\u00f6rdert er die Selbstheilungskr\u00e4fte des Organismus.<br \/>\nBesonders alte und chronisch kranke Tiere profitieren sehr von den M\u00f6glichkeiten die uns die Osteopathie bietet, ebenso alle die unter Einschr\u00e4nkungen und Schmerzen des Bewegungsapparates leiden.<\/p>\n<p><strong>Wenn nur ein R\u00e4dchen stehen bleibt, hat das Auswirkungen auf den gesamten K\u00f6rper \u2013 meist in Form von Schmerzen oder Bewegungseinschr\u00e4nkungen.<\/strong><\/p>\n","protected":false},"excerpt":{"rendered":"<p>Die Osteopathie ist eine manuelle Heilkunde, das hei\u00dft der Osteopath untersucht und behandelt den Patienten ausschlie\u00dflich mit seinen H\u00e4nden. Ausgehend davon, dass der K\u00f6rper eine Funktionseinheit ist, unterst\u00fctzt und f\u00f6rdert er die Selbstheilungskr\u00e4fte des Organismus. Besonders alte und chronisch kranke<\/p>\n","protected":false},"author":1,"featured_media":152,"parent":0,"menu_order":0,"comment_status":"closed","ping_status":"closed","template":"","meta":{"footnotes":""},"_links":{"self":[{"href":"https:\/\/kleintierpraxis-neidlinger.de\/index.php?rest_route=\/wp\/v2\/pages\/132"}],"collection":[{"href":"https:\/\/kleintierpraxis-neidlinger.de\/index.php?rest_route=\/wp\/v2\/pages"}],"about":[{"href":"https:\/\/kleintierpraxis-neidlinger.de\/index.php?rest_route=\/wp\/v2\/types\/page"}],"author":[{"embeddable":true,"href":"https:\/\/kleintierpraxis-neidlinger.de\/index.php?rest_route=\/wp\/v2\/users\/1"}],"replies":[{"embeddable":true,"href":"https:\/\/kleintierpraxis-neidlinger.de\/index.php?rest_route=%2Fwp%2Fv2%2Fcomments&post=132"}],"version-history":[{"count":6,"href":"https:\/\/kleintierpraxis-neidlinger.de\/index.php?rest_route=\/wp\/v2\/pages\/132\/revisions"}],"predecessor-version":[{"id":241,"href":"https:\/\/kleintierpraxis-neidlinger.de\/index.php?rest_route=\/wp\/v2\/pages\/132\/revisions\/241"}],"wp:featuredmedia":[{"embeddable":true,"href":"https:\/\/kleintierpraxis-neidlinger.de\/index.php?rest_route=\/wp\/v2\/media\/152"}],"wp:attachment":[{"href":"https:\/\/kleintierpraxis-neidlinger.de\/index.php?rest_route=%2Fwp%2Fv2%2Fmedia&parent=132"}],"curies":[{"name":"wp","href":"https:\/\/api.w.org\/{rel}","templated":true}]}}