{"id":14,"date":"2017-05-05T07:07:00","date_gmt":"2017-05-05T07:07:00","guid":{"rendered":"http:\/\/kleintierpraxis-neidlinger.de\/?page_id=14"},"modified":"2021-05-31T14:25:59","modified_gmt":"2021-05-31T14:25:59","slug":"osteopathie","status":"publish","type":"page","link":"https:\/\/kleintierpraxis-neidlinger.de\/?page_id=14","title":{"rendered":"Integrative Heilmethoden"},"content":{"rendered":"<p>Eine ganzheitliche Betrachtungsweise unserer Patienten und ihrer Probleme ist uns zunehmend wichtig. Die Bandbreite integrativer und ganzheitlicher Therapieans\u00e4tze ist \u00e4u\u00dferst vielf\u00e4ltig. Komplement\u00e4r, erg\u00e4nzend, zur Schulmedizin arbeiten wir mit:<\/p>\n<ul>\n<li>\u00a0Hom\u00f6opathie<\/li>\n<li>\u00a0Neuraltherapie<\/li>\n<li>\u00a0Phytotherapie<\/li>\n<li>\u00a0Horvi Enzymtherapie<\/li>\n<\/ul>\n","protected":false},"excerpt":{"rendered":"<p>Eine ganzheitliche Betrachtungsweise unserer Patienten und ihrer Probleme ist uns zunehmend wichtig. Die Bandbreite integrativer und ganzheitlicher Therapieans\u00e4tze ist \u00e4u\u00dferst vielf\u00e4ltig. Komplement\u00e4r, erg\u00e4nzend, zur Schulmedizin arbeiten wir mit: \u00a0Hom\u00f6opathie \u00a0Neuraltherapie \u00a0Phytotherapie \u00a0Horvi Enzymtherapie<\/p>\n","protected":false},"author":1,"featured_media":151,"parent":0,"menu_order":0,"comment_status":"closed","ping_status":"closed","template":"","meta":{"footnotes":""},"_links":{"self":[{"href":"https:\/\/kleintierpraxis-neidlinger.de\/index.php?rest_route=\/wp\/v2\/pages\/14"}],"collection":[{"href":"https:\/\/kleintierpraxis-neidlinger.de\/index.php?rest_route=\/wp\/v2\/pages"}],"about":[{"href":"https:\/\/kleintierpraxis-neidlinger.de\/index.php?rest_route=\/wp\/v2\/types\/page"}],"author":[{"embeddable":true,"href":"https:\/\/kleintierpraxis-neidlinger.de\/index.php?rest_route=\/wp\/v2\/users\/1"}],"replies":[{"embeddable":true,"href":"https:\/\/kleintierpraxis-neidlinger.de\/index.php?rest_route=%2Fwp%2Fv2%2Fcomments&post=14"}],"version-history":[{"count":9,"href":"https:\/\/kleintierpraxis-neidlinger.de\/index.php?rest_route=\/wp\/v2\/pages\/14\/revisions"}],"predecessor-version":[{"id":285,"href":"https:\/\/kleintierpraxis-neidlinger.de\/index.php?rest_route=\/wp\/v2\/pages\/14\/revisions\/285"}],"wp:featuredmedia":[{"embeddable":true,"href":"https:\/\/kleintierpraxis-neidlinger.de\/index.php?rest_route=\/wp\/v2\/media\/151"}],"wp:attachment":[{"href":"https:\/\/kleintierpraxis-neidlinger.de\/index.php?rest_route=%2Fwp%2Fv2%2Fmedia&parent=14"}],"curies":[{"name":"wp","href":"https:\/\/api.w.org\/{rel}","templated":true}]}}