{"id":2,"date":"2016-05-10T03:48:21","date_gmt":"2016-05-10T03:48:21","guid":{"rendered":"http:\/\/kleintierpraxis-neidlinger.de\/?page_id=2"},"modified":"2017-05-04T10:45:05","modified_gmt":"2017-05-04T10:45:05","slug":"sample-page","status":"publish","type":"page","link":"https:\/\/kleintierpraxis-neidlinger.de\/","title":{"rendered":"Startseite"},"content":{"rendered":"<p>Wir bauen momentan unseren Webauftritt auf. Bitte haben Sie noch etwas Geduld.<\/p>\n<p>Mit frischem Elan und neuem Layout freuen wir uns auf Ihren n\u00e4chsten Besuch.<\/p>\n<p>Kleintierpraxis Neidlinger<\/p>\n<p>Oberj\u00e4gerstr. 9<br \/>\n86842 T\u00fcrkheim<br \/>\nT: 08245 \u2013 96 84 83 1<br \/>\nF: 08245 \u2013 96 84 83 3<br \/>\nE: carolin.neidlinger@yahoo.de<\/p>\n","protected":false},"excerpt":{"rendered":"<p>Wir bauen momentan unseren Webauftritt auf. Bitte haben Sie noch etwas Geduld. Mit frischem Elan und neuem Layout freuen wir uns auf Ihren n\u00e4chsten Besuch. Kleintierpraxis Neidlinger Oberj\u00e4gerstr. 9 86842 T\u00fcrkheim T: 08245 \u2013 96 84 83 1 F: 08245<\/p>\n","protected":false},"author":1,"featured_media":0,"parent":0,"menu_order":0,"comment_status":"closed","ping_status":"open","template":"page-templates\/business.php","meta":{"footnotes":""},"_links":{"self":[{"href":"https:\/\/kleintierpraxis-neidlinger.de\/index.php?rest_route=\/wp\/v2\/pages\/2"}],"collection":[{"href":"https:\/\/kleintierpraxis-neidlinger.de\/index.php?rest_route=\/wp\/v2\/pages"}],"about":[{"href":"https:\/\/kleintierpraxis-neidlinger.de\/index.php?rest_route=\/wp\/v2\/types\/page"}],"author":[{"embeddable":true,"href":"https:\/\/kleintierpraxis-neidlinger.de\/index.php?rest_route=\/wp\/v2\/users\/1"}],"replies":[{"embeddable":true,"href":"https:\/\/kleintierpraxis-neidlinger.de\/index.php?rest_route=%2Fwp%2Fv2%2Fcomments&post=2"}],"version-history":[{"count":3,"href":"https:\/\/kleintierpraxis-neidlinger.de\/index.php?rest_route=\/wp\/v2\/pages\/2\/revisions"}],"predecessor-version":[{"id":263,"href":"https:\/\/kleintierpraxis-neidlinger.de\/index.php?rest_route=\/wp\/v2\/pages\/2\/revisions\/263"}],"wp:attachment":[{"href":"https:\/\/kleintierpraxis-neidlinger.de\/index.php?rest_route=%2Fwp%2Fv2%2Fmedia&parent=2"}],"curies":[{"name":"wp","href":"https:\/\/api.w.org\/{rel}","templated":true}]}}