{"id":25,"date":"2017-05-05T07:09:58","date_gmt":"2017-05-05T07:09:58","guid":{"rendered":"http:\/\/kleintierpraxis-neidlinger.de\/?page_id=25"},"modified":"2017-09-19T13:26:01","modified_gmt":"2017-09-19T13:26:01","slug":"interessante-links","status":"publish","type":"page","link":"https:\/\/kleintierpraxis-neidlinger.de\/?page_id=25","title":{"rendered":"Netzwerk"},"content":{"rendered":"<h3>Ansprechpartner in der Umgebung:<\/h3>\n<ul>\n<li><strong>Tierschutzverein Kaufbeuren<\/strong>\u00a0e.V. &#8211;\u00a0<strong>Tierheim Beckstetten<\/strong><br \/>\nBahnhofstr. 16<br \/>\n86860 Beckstetten<br \/>\nTel: 08241 &#8211; 39 12<br \/>\n<a href=\"http:\/\/www.tierheim-beckstetten.de\/\" target=\"\">http:\/\/www.tierheim-beckstetten.de\/<\/a><\/li>\n<li><strong>Katzenschutzverein Mindelheim<\/strong>\u00a0e.V.<br \/>\nTel: 08261 &#8211; 20 742<\/li>\n<\/ul>\n<h3>Zum Thema Tiergesundheit:<\/h3>\n<ul>\n<li><strong>Management von Vergiftungen beim Kleintier<\/strong><br \/>\nInstitut f\u00fcr Veterin\u00e4rpharmakologie und -toxikologie, Universit\u00e4t Z\u00fcrich<br \/>\n<a href=\"http:\/\/www.vetpharm.uzh.ch\/clinitox\/klt\/toxfklt.htm\" target=\"\">http:\/\/www.vetpharm.uzh.ch\/clinitox\/klt\/toxfklt.htm<\/a><\/li>\n<li><strong>Alles zum Thema Parasiten<br \/>\n<\/strong>ESCCAP European Scientific Counsel Companion Animal Parasites<br \/>\n<a href=\"http:\/\/www.vetpharm.uzh.ch\/clinitox\/klt\/toxfklt.htm\" target=\"\">http:\/\/www.esccap.de\/th\/<\/a><\/li>\n<li><strong>Reisebestimmungen f\u00fcr EU-Mitgliedstaaten und Drittl\u00e4nder<\/strong><br \/>\n<a href=\"http:\/\/de.merial.com\/pet_owners\/pet_travel.asp\" target=\"\">http:\/\/www.petsontour.de\/de\/eu-bestimmungen.aspx<\/a><\/li>\n<li><strong>Hundef\u00fchrerschein<\/strong>\u00a0&#8211; Grundwissen und Gefahrenvermeidung im Umgang mit Hunden<br \/>\nBayerische Landestier\u00e4rztekammer<br \/>\n<a href=\"http:\/\/www.bltk.de\/html\/aktuelles\/hund\/lista.html\" target=\"\">http:\/\/www.bltk.de\/html\/aktuelles\/hund\/lista.html<\/a><\/li>\n<\/ul>\n<h3>Informationen zur tier\u00e4rztlichen T\u00e4tigkeit<\/h3>\n<ul>\n<li><strong>Geb\u00fchrenordnung f\u00fcr Tier\u00e4rzte<\/strong>\u00a0(g\u00fcltig ab 8. Juli 2008)<br \/>\nhttp:\/\/www.bltk.info\/fileadmin\/bltk\/user_upload\/Dokumente\/images\/stories\/tieraerzte\/got.pdf<\/li>\n<li><strong>Tiermedizin in Deutschland<\/strong>\u00a0&#8211; Informationsstelle f\u00fcr die Veterin\u00e4rmedizin<br \/>\n<a href=\"http:\/\/www.tiermedizin.de\/public\/index.htm\" target=\"\">http:\/\/www.tiermedizin.de\/public\/index.htm<\/a><\/li>\n<li><strong>Bundestier\u00e4rztekammer<\/strong><br \/>\n<a href=\"http:\/\/www.bundestieraerztekammer.de\/\" target=\"\">http:\/\/www.bundestieraerztekammer.de\/<\/a><\/li>\n<li><strong>Bayerische Landestier\u00e4rztekammer<\/strong><br \/>\n<a href=\"http:\/\/www.bltk.de\/\" target=\"\">http:\/\/www.bltk.de\/<\/a><\/li>\n<li><strong>Bundesverband praktizierender Tier\u00e4rzte<\/strong>\u00a0e.V.<br \/>\n<a href=\"http:\/\/www.tieraerzteverband.de\/\" target=\"\">http:\/\/www.tieraerzteverband.de\/<\/a><\/li>\n<li><strong>Deutsche Veterin\u00e4rmedizinische Gesellschaft<\/strong>\u00a0e.V.<br \/>\n<a href=\"http:\/\/www.dvg.net\/\" target=\"\">http:\/\/www.dvg.net\/<\/a><\/li>\n<li><strong>Tier\u00e4rztliche Vereinigung f\u00fcr Tierschutz<\/strong>\u00a0e.V.<br \/>\n<a href=\"http:\/\/www.tierschutz-tvt.de\/9.html\" target=\"\">http:\/\/www.tierschutz-tvt.de\/9.html<\/a><\/li>\n<\/ul>\n","protected":false},"excerpt":{"rendered":"<p>Ansprechpartner in der Umgebung: Tierschutzverein Kaufbeuren\u00a0e.V. &#8211;\u00a0Tierheim Beckstetten Bahnhofstr. 16 86860 Beckstetten Tel: 08241 &#8211; 39 12 http:\/\/www.tierheim-beckstetten.de\/ Katzenschutzverein Mindelheim\u00a0e.V. Tel: 08261 &#8211; 20 742 Zum Thema Tiergesundheit: Management von Vergiftungen beim Kleintier Institut f\u00fcr Veterin\u00e4rpharmakologie und -toxikologie, Universit\u00e4t Z\u00fcrich<\/p>\n","protected":false},"author":1,"featured_media":0,"parent":0,"menu_order":0,"comment_status":"closed","ping_status":"closed","template":"","meta":{"footnotes":""},"_links":{"self":[{"href":"https:\/\/kleintierpraxis-neidlinger.de\/index.php?rest_route=\/wp\/v2\/pages\/25"}],"collection":[{"href":"https:\/\/kleintierpraxis-neidlinger.de\/index.php?rest_route=\/wp\/v2\/pages"}],"about":[{"href":"https:\/\/kleintierpraxis-neidlinger.de\/index.php?rest_route=\/wp\/v2\/types\/page"}],"author":[{"embeddable":true,"href":"https:\/\/kleintierpraxis-neidlinger.de\/index.php?rest_route=\/wp\/v2\/users\/1"}],"replies":[{"embeddable":true,"href":"https:\/\/kleintierpraxis-neidlinger.de\/index.php?rest_route=%2Fwp%2Fv2%2Fcomments&post=25"}],"version-history":[{"count":4,"href":"https:\/\/kleintierpraxis-neidlinger.de\/index.php?rest_route=\/wp\/v2\/pages\/25\/revisions"}],"predecessor-version":[{"id":89,"href":"https:\/\/kleintierpraxis-neidlinger.de\/index.php?rest_route=\/wp\/v2\/pages\/25\/revisions\/89"}],"wp:attachment":[{"href":"https:\/\/kleintierpraxis-neidlinger.de\/index.php?rest_route=%2Fwp%2Fv2%2Fmedia&parent=25"}],"curies":[{"name":"wp","href":"https:\/\/api.w.org\/{rel}","templated":true}]}}