{"id":287,"date":"2021-10-06T09:31:21","date_gmt":"2021-10-06T09:31:21","guid":{"rendered":"https:\/\/kleintierpraxis-neidlinger.de\/?page_id=287"},"modified":"2021-10-06T19:49:17","modified_gmt":"2021-10-06T19:49:17","slug":"287-2","status":"publish","type":"page","link":"https:\/\/kleintierpraxis-neidlinger.de\/?page_id=287","title":{"rendered":"Inhouse-Labor"},"content":{"rendered":"\n<p><\/p>\n\n\n\n<p>Als einer der wenigen Tierarztpraxen verf\u00fcgen wir seit Oktober 2021 \u00fcber unser eigenes, hausinternes Labor. Konnten wir bisher nur einige wenige Blutuntersuchungen innerhalb unserer Praxis durchf\u00fchren, so stehen uns nun eigene Ger\u00e4tschaften zur Verf\u00fcgung. Hier ist es m\u00f6glich ein komplettes Blutbild (rote und wei\u00dfe Blutk\u00f6rperchen) und umfassende blutchemische Untersuchungen (Leber-, Nieren-, Schilddr\u00fcsenwerte u.v.m.) durchzuf\u00fchren. <\/p>\n\n\n\n<p>Die Ergebnisse haben wir innerhalb einer halben Stunde. Wir gewinnen so wertvolle Zeit &#8211; etwas, das man bei manchen Patienten nicht hat. So sind wir schnell , unabh\u00e4ngig und zuverl\u00e4ssig.<\/p>\n\n\n\n<p>F\u00fcr unsere &#8222;\u00e4lteren&#8220; Patienten bieten wir einen neuen Alterscheck an, vereinbaren Sie gerne einen Termin mit uns. <\/p>\n","protected":false},"excerpt":{"rendered":"<p>Als einer der wenigen Tierarztpraxen verf\u00fcgen wir seit Oktober 2021 \u00fcber unser eigenes, hausinternes Labor. Konnten wir bisher nur einige wenige Blutuntersuchungen innerhalb unserer Praxis durchf\u00fchren, so stehen uns nun eigene Ger\u00e4tschaften zur Verf\u00fcgung. Hier ist es m\u00f6glich ein komplettes<\/p>\n","protected":false},"author":1,"featured_media":0,"parent":0,"menu_order":0,"comment_status":"closed","ping_status":"closed","template":"","meta":{"footnotes":""},"_links":{"self":[{"href":"https:\/\/kleintierpraxis-neidlinger.de\/index.php?rest_route=\/wp\/v2\/pages\/287"}],"collection":[{"href":"https:\/\/kleintierpraxis-neidlinger.de\/index.php?rest_route=\/wp\/v2\/pages"}],"about":[{"href":"https:\/\/kleintierpraxis-neidlinger.de\/index.php?rest_route=\/wp\/v2\/types\/page"}],"author":[{"embeddable":true,"href":"https:\/\/kleintierpraxis-neidlinger.de\/index.php?rest_route=\/wp\/v2\/users\/1"}],"replies":[{"embeddable":true,"href":"https:\/\/kleintierpraxis-neidlinger.de\/index.php?rest_route=%2Fwp%2Fv2%2Fcomments&post=287"}],"version-history":[{"count":5,"href":"https:\/\/kleintierpraxis-neidlinger.de\/index.php?rest_route=\/wp\/v2\/pages\/287\/revisions"}],"predecessor-version":[{"id":294,"href":"https:\/\/kleintierpraxis-neidlinger.de\/index.php?rest_route=\/wp\/v2\/pages\/287\/revisions\/294"}],"wp:attachment":[{"href":"https:\/\/kleintierpraxis-neidlinger.de\/index.php?rest_route=%2Fwp%2Fv2%2Fmedia&parent=287"}],"curies":[{"name":"wp","href":"https:\/\/api.w.org\/{rel}","templated":true}]}}