{"id":310,"date":"2022-01-17T16:30:57","date_gmt":"2022-01-17T16:30:57","guid":{"rendered":"https:\/\/kleintierpraxis-neidlinger.de\/?page_id=310"},"modified":"2022-01-18T10:26:13","modified_gmt":"2022-01-18T10:26:13","slug":"online-terminvereinbarung","status":"publish","type":"page","link":"https:\/\/kleintierpraxis-neidlinger.de\/?page_id=310","title":{"rendered":"Online Terminvereinbarung"},"content":{"rendered":"\n<p>Jetzt neu bei uns in der Praxis<\/p>\n\n\n\n<div class=\"wp-block-image\"><figure class=\"aligncenter\"><img loading=\"lazy\" decoding=\"async\" width=\"1024\" height=\"1024\" src=\"https:\/\/kleintierpraxis-neidlinger.de\/wp-content\/uploads\/2022\/01\/Social_Media_Wir_sind_dabei-1024x1024.jpg\" alt=\"\" class=\"wp-image-311\" srcset=\"https:\/\/kleintierpraxis-neidlinger.de\/wp-content\/uploads\/2022\/01\/Social_Media_Wir_sind_dabei-1024x1024.jpg 1024w, https:\/\/kleintierpraxis-neidlinger.de\/wp-content\/uploads\/2022\/01\/Social_Media_Wir_sind_dabei-150x150.jpg 150w, https:\/\/kleintierpraxis-neidlinger.de\/wp-content\/uploads\/2022\/01\/Social_Media_Wir_sind_dabei-300x300.jpg 300w, https:\/\/kleintierpraxis-neidlinger.de\/wp-content\/uploads\/2022\/01\/Social_Media_Wir_sind_dabei-768x768.jpg 768w, https:\/\/kleintierpraxis-neidlinger.de\/wp-content\/uploads\/2022\/01\/Social_Media_Wir_sind_dabei-270x270.jpg 270w, https:\/\/kleintierpraxis-neidlinger.de\/wp-content\/uploads\/2022\/01\/Social_Media_Wir_sind_dabei-230x230.jpg 230w, https:\/\/kleintierpraxis-neidlinger.de\/wp-content\/uploads\/2022\/01\/Social_Media_Wir_sind_dabei.jpg 1080w\" sizes=\"(max-width: 1024px) 100vw, 1024px\" \/><figcaption>Sprechen Sie uns an. Klicken Sie <a rel=\"noreferrer noopener\" href=\"https:\/\/www.petsxl.com\/de-de\" target=\"_blank\">hier<\/a> um direkt zu  <a rel=\"noreferrer noopener\" href=\"https:\/\/www.petsxl.com\/de-de\" target=\"_blank\">petsXL  <\/a>verbunden zu werden. Dort k\u00f6nnen Sie alles in Ruhe erfahren.  <br><\/figcaption><\/figure><\/div>\n\n\n\n<figure class=\"wp-block-image alignwide\"><img loading=\"lazy\" decoding=\"async\" width=\"1024\" height=\"316\" src=\"https:\/\/kleintierpraxis-neidlinger.de\/wp-content\/uploads\/2022\/01\/ablauf-1024x316.png\" alt=\"\" class=\"wp-image-312\" srcset=\"https:\/\/kleintierpraxis-neidlinger.de\/wp-content\/uploads\/2022\/01\/ablauf-1024x316.png 1024w, https:\/\/kleintierpraxis-neidlinger.de\/wp-content\/uploads\/2022\/01\/ablauf-300x93.png 300w, https:\/\/kleintierpraxis-neidlinger.de\/wp-content\/uploads\/2022\/01\/ablauf-768x237.png 768w, https:\/\/kleintierpraxis-neidlinger.de\/wp-content\/uploads\/2022\/01\/ablauf.png 1128w\" sizes=\"(max-width: 1024px) 100vw, 1024px\" \/><figcaption>So gehen Sie vor.<br>1. Wir laden Sie ein, damit wir als Ihre Tierarztpraxis erkennbar sind.<br>2. Nachdem Sie die App auf Ihr Ger\u00e4t installiert haben, legen Sie ein Konto an.<br>Ab jetzt sehen Sie die Daten Ihres Tieres, k\u00f6nnen Termin Online buchen und vieles mehr und das bei gew\u00e4hrleistetem Datenschutz.<\/figcaption><\/figure>\n\n\n\n<a href=\"https:\/\/app.petsxl.com\/#\/signin\/appointment-registration-start\/214ce935-f25d-4790-ad0f-141b4a4215a7\" target=\"_blank\" rel=\"noopener noreferrer\">\n            <img loading=\"lazy\" decoding=\"async\" width=\"415\" height=\"110\" alt=\"Terminvereinbarung \u00fcber petsXL\" srcset=\"https:\/\/app.petsxl.com\/assets\/appointment-snippet\/de-DE.png 1x, https:\/\/app.petsxl.com\/assets\/appointment-snippet\/de-DE@2x.png 2x\" src=\"https:\/\/app.petsxl.com\/assets\/appointment-snippet\/de-DE.png\">\n        <\/a>\n","protected":false},"excerpt":{"rendered":"<p>Jetzt neu bei uns in der Praxis<\/p>\n","protected":false},"author":1,"featured_media":0,"parent":0,"menu_order":0,"comment_status":"closed","ping_status":"closed","template":"","meta":{"footnotes":""},"_links":{"self":[{"href":"https:\/\/kleintierpraxis-neidlinger.de\/index.php?rest_route=\/wp\/v2\/pages\/310"}],"collection":[{"href":"https:\/\/kleintierpraxis-neidlinger.de\/index.php?rest_route=\/wp\/v2\/pages"}],"about":[{"href":"https:\/\/kleintierpraxis-neidlinger.de\/index.php?rest_route=\/wp\/v2\/types\/page"}],"author":[{"embeddable":true,"href":"https:\/\/kleintierpraxis-neidlinger.de\/index.php?rest_route=\/wp\/v2\/users\/1"}],"replies":[{"embeddable":true,"href":"https:\/\/kleintierpraxis-neidlinger.de\/index.php?rest_route=%2Fwp%2Fv2%2Fcomments&post=310"}],"version-history":[{"count":16,"href":"https:\/\/kleintierpraxis-neidlinger.de\/index.php?rest_route=\/wp\/v2\/pages\/310\/revisions"}],"predecessor-version":[{"id":334,"href":"https:\/\/kleintierpraxis-neidlinger.de\/index.php?rest_route=\/wp\/v2\/pages\/310\/revisions\/334"}],"wp:attachment":[{"href":"https:\/\/kleintierpraxis-neidlinger.de\/index.php?rest_route=%2Fwp%2Fv2%2Fmedia&parent=310"}],"curies":[{"name":"wp","href":"https:\/\/api.w.org\/{rel}","templated":true}]}}