{"id":64,"date":"2017-05-16T13:58:46","date_gmt":"2017-05-16T13:58:46","guid":{"rendered":"http:\/\/kleintierpraxis-neidlinger.de\/?page_id=64"},"modified":"2019-07-22T16:27:24","modified_gmt":"2019-07-22T16:27:24","slug":"physiotherapie","status":"publish","type":"page","link":"https:\/\/kleintierpraxis-neidlinger.de\/?page_id=64","title":{"rendered":"Physiotherapie"},"content":{"rendered":"<p><img loading=\"lazy\" decoding=\"async\" class=\"alignnone wp-image-160 size-full\" src=\"https:\/\/kleintierpraxis-neidlinger.de\/wp-content\/uploads\/2017\/05\/physiotherapie-1.jpg\" alt=\"\" width=\"1400\" height=\"567\" srcset=\"https:\/\/kleintierpraxis-neidlinger.de\/wp-content\/uploads\/2017\/05\/physiotherapie-1.jpg 1400w, https:\/\/kleintierpraxis-neidlinger.de\/wp-content\/uploads\/2017\/05\/physiotherapie-1-300x122.jpg 300w, https:\/\/kleintierpraxis-neidlinger.de\/wp-content\/uploads\/2017\/05\/physiotherapie-1-768x311.jpg 768w, https:\/\/kleintierpraxis-neidlinger.de\/wp-content\/uploads\/2017\/05\/physiotherapie-1-1024x415.jpg 1024w\" sizes=\"(max-width: 1400px) 100vw, 1400px\" \/><\/p>\n<p>\u00c4u\u00dferliche Krankheiten bei Tieren\u00a0wie z.B. Einschr\u00e4nkung des Bewegungsapparates k\u00f6nnen\u00a0durch die Tierphysiotherapie sehr\u00a0erfolgversprechend behandelt\u00a0werden.<\/p>\n<p>Als ausgebildete Tierarzthelferin und Physiotherapeutin\u00a0nehme ich mir f\u00fcr ihr\u00a0Tier Zeit\u00a0f\u00fcr\u00a0eine ausf\u00fchrliche orientierte Erstuntersuchung. Anschlie\u00dfend entwickle ich f\u00fcr jeden Patienten ein eigenes Behandlungsprogramm.\u00a0Je nach Befund kann sich dies aus unterschiedlichen Behandlungsmethoden zusammensetzen, die ich mit Ihnen dann bespreche.<\/p>\n<p>Zu meinen Behandlungsmethoden z\u00e4hlen:<\/p>\n<p>Klassische Massagen:zur Schmerzlinderung, Stoffwechself\u00f6rderung, sowohl rehabilitativ als auch pr\u00e4ventiv<\/p>\n<ul>\n<li><strong>Manuelle Therapie\u00a0<\/strong>bei Funktionsst\u00f6rungen des Bewegungsapparates<br \/>\nZiel: Schmerzlinderung und Verbesserung des Bewegungsradius<\/li>\n<li><strong>Krankengymnastik\u00a0<\/strong>um Ihrem Tier nachhaltig zu helfen<br \/>\nZiel: Koordinationsverbesserung, gezielte Muskelarbeit und Training, F\u00f6rderung der Eigenwahrnehmung, Muskelerhalt<\/li>\n<li><strong>Gangbildanalyse\u00a0&amp;\u00a0Gelenkfunktionspr\u00fcfung<\/strong>\u00a0zur\u00a0funktionellen Diagnostik des Bewegungsapparates<br \/>\nZiel:\u00a0Schmerzursachen\u00a0analysieren, Langzeitsch\u00e4den vorzubeugen<\/li>\n<li><strong>manuelle Lymphdrainage <\/strong>\u00a0regt die Pumpleistung des Lymphsystems an<br \/>\nZiel: F\u00f6rerung der reinigenden Wirkung des Lymphsystems<\/li>\n<li><strong>Interferenzstrom-Regulationstherapie, <\/strong>eine\u00a0spezielle Form der Elektrotherapie<br \/>\nZiel: Leistungsverbesserung der Zellen, des Stoffwechsels und zur Muskelentspannung<\/li>\n<li><strong>Kinesio-Taping<\/strong><br \/>\nZiel: Linderung von Schmerzen und Verspannungen, Entz\u00fcndungen hemmen<\/li>\n<\/ul>\n<p>Ich w\u00fcrde mich freuen, wenn ich Sie von meinen\u00a0F\u00e4higkeiten \u00fcberzeugen konnte und Sie unserer Praxis ihr Vertrauen schenken.<br \/>\nSie k\u00f6nnen mich in der Praxis zu den unten genannten \u00d6ffnungszeiten oder direkt erreichen unter:<\/p>\n<h3 style=\"text-align: center;\">Telefon: 0170 &#8211; 34 903 87<\/h3>\n<p><img loading=\"lazy\" decoding=\"async\" class=\"alignnone wp-image-100 aligncenter\" src=\"http:\/\/kleintierpraxis-neidlinger.de\/wp-content\/uploads\/2017\/05\/logo-physiotherapie-300x249.jpg\" alt=\"\" width=\"229\" height=\"163\" \/><\/p>\n<p style=\"text-align: center;\"><strong>Martina Endres<\/strong><br \/>\n<strong>Tierphysiotherapeutin<\/strong><\/p>\n","protected":false},"excerpt":{"rendered":"<p>\u00c4u\u00dferliche Krankheiten bei Tieren\u00a0wie z.B. Einschr\u00e4nkung des Bewegungsapparates k\u00f6nnen\u00a0durch die Tierphysiotherapie sehr\u00a0erfolgversprechend behandelt\u00a0werden. Als ausgebildete Tierarzthelferin und Physiotherapeutin\u00a0nehme ich mir f\u00fcr ihr\u00a0Tier Zeit\u00a0f\u00fcr\u00a0eine ausf\u00fchrliche orientierte Erstuntersuchung. Anschlie\u00dfend entwickle ich f\u00fcr jeden Patienten ein eigenes Behandlungsprogramm.\u00a0Je nach Befund kann sich dies<\/p>\n","protected":false},"author":1,"featured_media":0,"parent":0,"menu_order":0,"comment_status":"closed","ping_status":"closed","template":"","meta":{"footnotes":""},"_links":{"self":[{"href":"https:\/\/kleintierpraxis-neidlinger.de\/index.php?rest_route=\/wp\/v2\/pages\/64"}],"collection":[{"href":"https:\/\/kleintierpraxis-neidlinger.de\/index.php?rest_route=\/wp\/v2\/pages"}],"about":[{"href":"https:\/\/kleintierpraxis-neidlinger.de\/index.php?rest_route=\/wp\/v2\/types\/page"}],"author":[{"embeddable":true,"href":"https:\/\/kleintierpraxis-neidlinger.de\/index.php?rest_route=\/wp\/v2\/users\/1"}],"replies":[{"embeddable":true,"href":"https:\/\/kleintierpraxis-neidlinger.de\/index.php?rest_route=%2Fwp%2Fv2%2Fcomments&post=64"}],"version-history":[{"count":14,"href":"https:\/\/kleintierpraxis-neidlinger.de\/index.php?rest_route=\/wp\/v2\/pages\/64\/revisions"}],"predecessor-version":[{"id":283,"href":"https:\/\/kleintierpraxis-neidlinger.de\/index.php?rest_route=\/wp\/v2\/pages\/64\/revisions\/283"}],"wp:attachment":[{"href":"https:\/\/kleintierpraxis-neidlinger.de\/index.php?rest_route=%2Fwp%2Fv2%2Fmedia&parent=64"}],"curies":[{"name":"wp","href":"https:\/\/api.w.org\/{rel}","templated":true}]}}