{"id":76,"date":"2017-05-16T15:13:55","date_gmt":"2017-05-16T15:13:55","guid":{"rendered":"http:\/\/kleintierpraxis-neidlinger.de\/?page_id=76"},"modified":"2019-07-22T16:26:16","modified_gmt":"2019-07-22T16:26:16","slug":"klassische-tiermedizin","status":"publish","type":"page","link":"https:\/\/kleintierpraxis-neidlinger.de\/?page_id=76","title":{"rendered":"Klassische Tiermedizin"},"content":{"rendered":"<p>Die\u00a0<em>klassische Tiermedizin<\/em>\u00a0beinhaltet in unserer Praxis ein breites Spektrum an Leistungen. Berechnung von individuellen Futterrationen, \u00fcber Krankheitsvorsorge durch Impfungen und Parasitenabwehr, Zuchtbetreuung, geriartrische Patienten und erstreckt sich auf chirurgische Eingriffe, Zahnbehandlungen, station\u00e4re Aufnahme und vieles mehr. Modernste R\u00f6ntgen &#8211; und Ultraschalltechnik und stetige Fortbildung geh\u00f6ren zu unserem Standard.<\/p>\n<p>In unseren R\u00e4umen bieten wir alles, was Ihr Tier zum Wohlbefinden und zur Genesung braucht. \u00a0Wir nehmen uns stets so viel Zeit, wie Sie und Ihr Tier f\u00fcr eine optimale Betreuung brauchen.<\/p>\n<p>Fachkundige individuelle Beratung auf dem neuesten Stand der Wissenschaft ist f\u00fcr uns dabei selbstverst\u00e4ndlich.<\/p>\n<h3>Innere Medizin<\/h3>\n<p>&#8211; Blut-, Urin-, Kot- und Liquoruntersuchungen<br \/>&#8211; Ultraschalluntersuchung (Herz, Bauchraum)<br \/>&#8211; Zytologische Untersuchung<br \/>&#8211; R\u00f6ntgen<br \/>&#8211; EKG<br \/>&#8211; Blutzuckerprofile<br \/>&#8211; Gro\u00dfes und Kleines Blutbild<br \/>&#8211; Haut- und Allergiediagnostik<\/p>\n<hr \/>\n<h3>Chirurgie<\/h3>\n<p>&#8211; Neurologische Untersuchung<br \/>&#8211; Lahmheitsuntersuchung<br \/>&#8211; R\u00f6ntgen<br \/>&#8211; Weichteilchirurgie (Kastrationen, Fremdk\u00f6rper, Blasenoperationen etc.)<br \/>&#8211; Unfallchirurgie<br \/>&#8211; Tumorchirurgie<br \/>&#8211; Kieferorthop\u00e4die<\/p>\n<hr \/>\n<h3>Gyn\u00e4kologie<\/h3>\n<p>&#8211; Tr\u00e4chtigkeitsuntersuchung<br \/>&#8211; Zyklusbestimmung bei der H\u00fcndin<br \/>&#8211; Kastrationen bei Hunden, Katzen und Heimtieren<\/p>\n<hr \/>\n<h3>Betreuungsprogramme f\u00fcr bestimmte Patienten<\/h3>\n<p>&#8211; Herzpatientenbetreuung (Ultraschall, R\u00f6ntgen etc.)<br \/>&#8211; Diabetikerbetreuung<br \/>&#8211; Betreuung von Patienten mit endokrinologischen Erkrankungen<br \/>&#8211; Welpenprogramm<br \/>&#8211; Geriatrieprogramm<br \/>&#8211; Ern\u00e4hrungsberatung<br \/>&#8211; Elektronische Kennzeichnung<\/p>\n<hr \/>\n<h3>Volldigitales R\u00f6ntgen<\/h3>\n<p>&#8211; Hochaufl\u00f6sende volldigitale R\u00f6ntgenaufnahmen<br \/>\u00a0\u00a0\u00a0 (Thorax, Abdomen, Orthop\u00e4die)<br \/>&#8211; HD- \/ ED-R\u00f6ntgen<br \/>&#8211; Kontrastmitteluntersuchungen<br \/>&#8211; Digitales Archiv und elektronischer Versand<\/p>\n<hr \/>\n<h3>Zahnbehandlungen<\/h3>\n<p>&#8211; Zahnsteinentfernung<br \/>&#8211; Zahnpolitur<br \/>&#8211; Zahnextraktionen<\/p>\n<hr \/>\n<h3>Tierschutz<\/h3>\n<p>Wir arbeiten intensiv mit dem Katzenschutzverein Mindelheim zusammen.<\/p>\n<p>Bei besonderen Fragestellungen arbeiten wir eng mit spezialisierten\u00a0 Fachkliniken zusammen und \u00fcberweisen bei Bedarf dorthin.<\/p>\n<p>\u00a0<\/p>\n\n\n<p><\/p>\n","protected":false},"excerpt":{"rendered":"<p>Die\u00a0klassische Tiermedizin\u00a0beinhaltet in unserer Praxis ein breites Spektrum an Leistungen. Berechnung von individuellen Futterrationen, \u00fcber Krankheitsvorsorge durch Impfungen und Parasitenabwehr, Zuchtbetreuung, geriartrische Patienten und erstreckt sich auf chirurgische Eingriffe, Zahnbehandlungen, station\u00e4re Aufnahme und vieles mehr. Modernste R\u00f6ntgen &#8211; und Ultraschalltechnik<\/p>\n","protected":false},"author":1,"featured_media":150,"parent":0,"menu_order":0,"comment_status":"closed","ping_status":"closed","template":"","meta":{"footnotes":""},"_links":{"self":[{"href":"https:\/\/kleintierpraxis-neidlinger.de\/index.php?rest_route=\/wp\/v2\/pages\/76"}],"collection":[{"href":"https:\/\/kleintierpraxis-neidlinger.de\/index.php?rest_route=\/wp\/v2\/pages"}],"about":[{"href":"https:\/\/kleintierpraxis-neidlinger.de\/index.php?rest_route=\/wp\/v2\/types\/page"}],"author":[{"embeddable":true,"href":"https:\/\/kleintierpraxis-neidlinger.de\/index.php?rest_route=\/wp\/v2\/users\/1"}],"replies":[{"embeddable":true,"href":"https:\/\/kleintierpraxis-neidlinger.de\/index.php?rest_route=%2Fwp%2Fv2%2Fcomments&post=76"}],"version-history":[{"count":17,"href":"https:\/\/kleintierpraxis-neidlinger.de\/index.php?rest_route=\/wp\/v2\/pages\/76\/revisions"}],"predecessor-version":[{"id":282,"href":"https:\/\/kleintierpraxis-neidlinger.de\/index.php?rest_route=\/wp\/v2\/pages\/76\/revisions\/282"}],"wp:featuredmedia":[{"embeddable":true,"href":"https:\/\/kleintierpraxis-neidlinger.de\/index.php?rest_route=\/wp\/v2\/media\/150"}],"wp:attachment":[{"href":"https:\/\/kleintierpraxis-neidlinger.de\/index.php?rest_route=%2Fwp%2Fv2%2Fmedia&parent=76"}],"curies":[{"name":"wp","href":"https:\/\/api.w.org\/{rel}","templated":true}]}}